{"id":1361,"date":"2025-12-01T21:30:12","date_gmt":"2025-12-01T20:30:12","guid":{"rendered":"https:\/\/testlelekszellemegyensulya.hu\/?post_type=product&#038;p=1361"},"modified":"2025-12-08T10:05:50","modified_gmt":"2025-12-08T09:05:50","slug":"3-honapos-program-testi-lelki-atalakulas","status":"publish","type":"product","link":"https:\/\/testlelekszellemegyensulya.hu\/en\/product\/3-honapos-program-testi-lelki-atalakulas\/","title":{"rendered":"3 havi el\u0151fizet\u00e9s"},"content":{"rendered":"<div style=\"max-width: 700px; margin: 0 auto 30px auto; padding: 24px 20px; border-radius: 12px; background: #f9f5ff; border: 1px solid #e0d7ff; font-family: -apple-system,BlinkMacSystemFont,'Segoe UI',sans-serif; color: #333; line-height: 1.6;\">\n<h2 style=\"margin: 0 0 16px 0; font-size: 26px; font-weight: bold; color: #4b2c82; text-align: left;\">Mit kapsz az el\u0151fizet\u00e9ssel?<\/h2>\n<p style=\"margin: 0 0 18px 0; font-size: 16px; font-weight: 600; color: #8a4bb8;\">El\u0151fizet\u00e9s id\u0151tartama: 3<span style=\"font-weight: bold;\">\u00a0h\u00f3nap<\/span><\/p>\n<ul style=\"list-style: none; padding: 0; margin: 0;\">\n<li style=\"display: flex; align-items: flex-start; margin-bottom: 10px;\"><span style=\"font-size: 20px; margin-right: 10px;\">\u2705<\/span><br \/>\n<strong>\u00c9l\u0151 ad\u00e1sok Adrival<\/strong> (t\u00e9m\u00e1k: eg\u00e9szs\u00e9g, \u00f6ngy\u00f3gy\u00edt\u00e1s, 5 elem, \u00e9vszakok, lelki egyens\u00faly)<\/li>\n<li style=\"display: flex; align-items: flex-start; margin-bottom: 10px;\"><span style=\"font-size: 20px; margin-right: 10px;\">\u2705<\/span><br \/>\n<strong>Minden h\u00f3napban egy f\u0151 t\u00e9ma<\/strong> + let\u00f6lthet\u0151 jegyzet<\/li>\n<li style=\"display: flex; align-items: flex-start; margin-bottom: 10px;\"><span style=\"font-size: 20px; margin-right: 10px;\">\u2705<\/span><br \/>\n<strong>Kapcsol\u00f3d\u00e1s a l\u00e9lekkel<\/strong> \u2013 vezetett gyakorlatokkal<\/li>\n<li style=\"display: flex; align-items: flex-start; margin-bottom: 10px;\"><span style=\"font-size: 20px; margin-right: 10px;\">\u2705<\/span><br \/>\n<strong>K\u00e9rdezz\u2013felelek<\/strong> alkalmak, ahol szem\u00e9lyesen tehetsz fel k\u00e9rd\u00e9seket<\/li>\n<li style=\"display: flex; align-items: flex-start; margin-bottom: 10px;\"><span style=\"font-size: 20px; margin-right: 10px;\">\u2705<\/span><br \/>\n<strong>Exkluz\u00edv, saj\u00e1t k\u00e9sz\u00edt\u00e9s\u0171 tartalom<\/strong>, ami sehol m\u00e1shol nem \u00e9rhet\u0151 el<\/li>\n<li style=\"display: flex; align-items: flex-start; margin-bottom: 10px;\"><span style=\"font-size: 20px; margin-right: 10px;\">\u2705<\/span><br \/>\n<strong>T\u00e1mogat\u00f3 k\u00f6z\u00f6ss\u00e9g<\/strong>, ahol hasonl\u00f3 \u00faton j\u00e1r\u00f3 emberekkel kapcsol\u00f3dhatsz<\/li>\n<li style=\"display: flex; align-items: flex-start; margin-bottom: 10px;\"><span style=\"font-size: 20px; margin-right: 10px;\">\u2705<\/span><br \/>\n<strong>Hozz\u00e1f\u00e9r\u00e9s a kor\u00e1bbi vide\u00f3khoz<\/strong> (am\u00edg el\u0151fizet\u0151 vagy)<\/li>\n<li style=\"display: flex; align-items: flex-start;\"><span style=\"font-size: 20px; margin-right: 10px;\">\u2705<\/span><br \/>\n<strong>Tematikus rendez\u00e9s kalauzokba<\/strong>, hogy mindent k\u00f6nnyen megtal\u00e1lj<\/li>\n<\/ul>\n<\/div>","protected":false},"excerpt":{"rendered":"<div class=\"xdj266r x14z9mp xat24cr x1lziwak x1vvkbs\">\n<div dir=\"auto\">\n<h2 data-start=\"1031\" data-end=\"1089\"><strong data-start=\"1036\" data-end=\"1089\">Elm\u00e9ly\u00fcl\u00e9s \u00e9s \u00e1talakul\u00e1s<\/strong><\/h2>\n<p data-start=\"1091\" data-end=\"1367\">Tiszta sz\u00edvemb\u0151l hiszem, hogy a l\u00e9lek egyens\u00falya \u00e9pp olyan fontos, mint a test\u00e9 \u2013 a kett\u0151 csak egy\u00fctt tud igaz\u00e1n j\u00f3l m\u0171k\u00f6dni. H\u00e1rom h\u00f3nap alatt m\u00e1r m\u00e9lyebben kapcsol\u00f3dsz majd \u00f6nmagadhoz: rendszeres lelki elcsendesed\u00e9sekkel \u00e9s befel\u00e9 figyel\u00e9st seg\u00edt\u0151 gyakorlatokkal t\u00e1mogatlak.<\/p>\n<p data-start=\"1369\" data-end=\"1645\">Minden h\u00f3napban egy <strong data-start=\"1389\" data-end=\"1434\">m\u00e1sik testr\u00e9szt vagy szervet j\u00e1runk k\u00f6rbe<\/strong>. Meg\u00e9rtj\u00fck, hogyan m\u0171k\u00f6dik, <strong data-start=\"1463\" data-end=\"1518\">milyen \u00e9telek, gy\u00f3gyn\u00f6v\u00e9nyek \u00e9s szok\u00e1sok t\u00e1mogatj\u00e1k<\/strong>, \u00e9s mit \u00e9rdemes tenni az adott \u00e9vszakhoz igaz\u00edtva. A csatlakoz\u00e1sod pillanat\u00e1t\u00f3l <strong data-start=\"1599\" data-end=\"1644\">minden kor\u00e1bbi tartalom el\u00e9rhet\u0151 sz\u00e1modra<\/strong>.<\/p>\n<p data-start=\"1647\" data-end=\"1738\">Ez az id\u0151szak m\u00e1r val\u00f3di, \u00e9rezhet\u0151 v\u00e1ltoz\u00e1sokat hozhat a testedben \u00e9s a lelkedben egyar\u00e1nt.<\/p>\n<p data-start=\"1740\" data-end=\"1759\">Szeretettel v\u00e1rlak.<\/p>\n<p data-start=\"1761\" data-end=\"1772\"><strong data-start=\"1761\" data-end=\"1772\">Adrienn<\/strong><\/p>\n<\/div>\n<\/div>","protected":false},"featured_media":1364,"comment_status":"open","ping_status":"closed","template":"","meta":[],"product_brand":[],"product_cat":[28],"product_tag":[],"class_list":{"0":"post-1361","1":"product","2":"type-product","3":"status-publish","4":"has-post-thumbnail","6":"product_cat-egyeb","8":"first","9":"instock","10":"taxable","11":"shipping-taxable","12":"purchasable","13":"product-type-subscription"},"yoast_head":"<!-- This site is optimized with the Yoast SEO plugin v27.4 - https:\/\/yoast.com\/product\/yoast-seo-wordpress\/ -->\n<title>3 havi el\u0151fizet\u00e9s - Test, l\u00e9lek, szellem egyens\u00falya<\/title>\n<meta name=\"description\" content=\"H\u00e1rom h\u00f3nap m\u00e9lyebb \u00f6nismeret \u00e9s testi harm\u00f3nia: minden h\u00f3napban \u00faj testr\u00e9sz, tudatos \u00e9tkez\u00e9si \u00e9s \u00e9letm\u00f3dtippek, gy\u00f3gyn\u00f6v\u00e9nyek \u00e9s visszan\u00e9zhet\u0151 tartalmak.\" \/>\n<meta name=\"robots\" content=\"index, follow, max-snippet:-1, max-image-preview:large, max-video-preview:-1\" \/>\n<link rel=\"canonical\" href=\"https:\/\/testlelekszellemegyensulya.hu\/en\/product\/3-honapos-program-testi-lelki-atalakulas\/\" \/>\n<meta property=\"og:locale\" content=\"en_GB\" \/>\n<meta property=\"og:type\" content=\"article\" \/>\n<meta property=\"og:title\" content=\"3 havi el\u0151fizet\u00e9s - Test, l\u00e9lek, szellem egyens\u00falya\" \/>\n<meta property=\"og:description\" content=\"H\u00e1rom h\u00f3nap m\u00e9lyebb \u00f6nismeret \u00e9s testi harm\u00f3nia: minden h\u00f3napban \u00faj testr\u00e9sz, tudatos \u00e9tkez\u00e9si \u00e9s \u00e9letm\u00f3dtippek, gy\u00f3gyn\u00f6v\u00e9nyek \u00e9s visszan\u00e9zhet\u0151 tartalmak.\" \/>\n<meta property=\"og:url\" content=\"https:\/\/testlelekszellemegyensulya.hu\/en\/product\/3-honapos-program-testi-lelki-atalakulas\/\" \/>\n<meta property=\"og:site_name\" content=\"Test, l\u00e9lek, szellem egyens\u00falya\" \/>\n<meta property=\"article:modified_time\" content=\"2025-12-08T09:05:50+00:00\" \/>\n<meta property=\"og:image\" content=\"https:\/\/testlelekszellemegyensulya.hu\/wp-content\/uploads\/2025\/12\/283463c8-e70b-403e-b520-5ef0c5e7061d.jpeg\" \/>\n\t<meta property=\"og:image:width\" content=\"1000\" \/>\n\t<meta property=\"og:image:height\" content=\"1000\" \/>\n\t<meta property=\"og:image:type\" content=\"image\/jpeg\" \/>\n<meta name=\"twitter:card\" content=\"summary_large_image\" \/>\n<meta name=\"twitter:label1\" content=\"Estimated reading time\" \/>\n\t<meta name=\"twitter:data1\" content=\"1 minute\" \/>\n<script type=\"application\/ld+json\" class=\"yoast-schema-graph\">{\"@context\":\"https:\\\/\\\/schema.org\",\"@graph\":[{\"@type\":\"WebPage\",\"@id\":\"https:\\\/\\\/testlelekszellemegyensulya.hu\\\/termek\\\/3-honapos-program-testi-lelki-atalakulas\\\/\",\"url\":\"https:\\\/\\\/testlelekszellemegyensulya.hu\\\/termek\\\/3-honapos-program-testi-lelki-atalakulas\\\/\",\"name\":\"3 havi el\u0151fizet\u00e9s - Test, l\u00e9lek, szellem egyens\u00falya\",\"isPartOf\":{\"@id\":\"https:\\\/\\\/testlelekszellemegyensulya.hu\\\/#website\"},\"primaryImageOfPage\":{\"@id\":\"https:\\\/\\\/testlelekszellemegyensulya.hu\\\/termek\\\/3-honapos-program-testi-lelki-atalakulas\\\/#primaryimage\"},\"image\":{\"@id\":\"https:\\\/\\\/testlelekszellemegyensulya.hu\\\/termek\\\/3-honapos-program-testi-lelki-atalakulas\\\/#primaryimage\"},\"thumbnailUrl\":\"https:\\\/\\\/testlelekszellemegyensulya.hu\\\/wp-content\\\/uploads\\\/2025\\\/12\\\/283463c8-e70b-403e-b520-5ef0c5e7061d.jpeg\",\"datePublished\":\"2025-12-01T20:30:12+00:00\",\"dateModified\":\"2025-12-08T09:05:50+00:00\",\"description\":\"H\u00e1rom h\u00f3nap m\u00e9lyebb \u00f6nismeret \u00e9s testi harm\u00f3nia: minden h\u00f3napban \u00faj testr\u00e9sz, tudatos \u00e9tkez\u00e9si \u00e9s \u00e9letm\u00f3dtippek, gy\u00f3gyn\u00f6v\u00e9nyek \u00e9s visszan\u00e9zhet\u0151 tartalmak.\",\"breadcrumb\":{\"@id\":\"https:\\\/\\\/testlelekszellemegyensulya.hu\\\/termek\\\/3-honapos-program-testi-lelki-atalakulas\\\/#breadcrumb\"},\"inLanguage\":\"en-GB\",\"potentialAction\":[{\"@type\":\"ReadAction\",\"target\":[\"https:\\\/\\\/testlelekszellemegyensulya.hu\\\/termek\\\/3-honapos-program-testi-lelki-atalakulas\\\/\"]}]},{\"@type\":\"ImageObject\",\"inLanguage\":\"en-GB\",\"@id\":\"https:\\\/\\\/testlelekszellemegyensulya.hu\\\/termek\\\/3-honapos-program-testi-lelki-atalakulas\\\/#primaryimage\",\"url\":\"https:\\\/\\\/testlelekszellemegyensulya.hu\\\/wp-content\\\/uploads\\\/2025\\\/12\\\/283463c8-e70b-403e-b520-5ef0c5e7061d.jpeg\",\"contentUrl\":\"https:\\\/\\\/testlelekszellemegyensulya.hu\\\/wp-content\\\/uploads\\\/2025\\\/12\\\/283463c8-e70b-403e-b520-5ef0c5e7061d.jpeg\",\"width\":1000,\"height\":1000},{\"@type\":\"BreadcrumbList\",\"@id\":\"https:\\\/\\\/testlelekszellemegyensulya.hu\\\/termek\\\/3-honapos-program-testi-lelki-atalakulas\\\/#breadcrumb\",\"itemListElement\":[{\"@type\":\"ListItem\",\"position\":1,\"name\":\"Kezd\u0151lap\",\"item\":\"https:\\\/\\\/testlelekszellemegyensulya.hu\\\/\"},{\"@type\":\"ListItem\",\"position\":2,\"name\":\"\u00dczlet\",\"item\":\"https:\\\/\\\/testlelekszellemegyensulya.hu\\\/uzlet\\\/\"},{\"@type\":\"ListItem\",\"position\":3,\"name\":\"3 havi el\u0151fizet\u00e9s\"}]},{\"@type\":\"WebSite\",\"@id\":\"https:\\\/\\\/testlelekszellemegyensulya.hu\\\/#website\",\"url\":\"https:\\\/\\\/testlelekszellemegyensulya.hu\\\/\",\"name\":\"Test, l\u00e9lek, szellem egyens\u00falya\",\"description\":\"Term\u00e9szetes \u00fat az eg\u00e9szs\u00e9ghez biorezonanci\u00e1val\",\"publisher\":{\"@id\":\"https:\\\/\\\/testlelekszellemegyensulya.hu\\\/#organization\"},\"potentialAction\":[{\"@type\":\"SearchAction\",\"target\":{\"@type\":\"EntryPoint\",\"urlTemplate\":\"https:\\\/\\\/testlelekszellemegyensulya.hu\\\/?s={search_term_string}\"},\"query-input\":{\"@type\":\"PropertyValueSpecification\",\"valueRequired\":true,\"valueName\":\"search_term_string\"}}],\"inLanguage\":\"en-GB\"},{\"@type\":\"Organization\",\"@id\":\"https:\\\/\\\/testlelekszellemegyensulya.hu\\\/#organization\",\"name\":\"Test, l\u00e9lek, szellem egyens\u00falya\",\"url\":\"https:\\\/\\\/testlelekszellemegyensulya.hu\\\/\",\"logo\":{\"@type\":\"ImageObject\",\"inLanguage\":\"en-GB\",\"@id\":\"https:\\\/\\\/testlelekszellemegyensulya.hu\\\/#\\\/schema\\\/logo\\\/image\\\/\",\"url\":\"https:\\\/\\\/testlelekszellemegyensulya.hu\\\/wp-content\\\/uploads\\\/2024\\\/12\\\/512x512-favikon-1.jpg\",\"contentUrl\":\"https:\\\/\\\/testlelekszellemegyensulya.hu\\\/wp-content\\\/uploads\\\/2024\\\/12\\\/512x512-favikon-1.jpg\",\"width\":512,\"height\":512,\"caption\":\"Test, l\u00e9lek, szellem egyens\u00falya\"},\"image\":{\"@id\":\"https:\\\/\\\/testlelekszellemegyensulya.hu\\\/#\\\/schema\\\/logo\\\/image\\\/\"}}]}<\/script>\n<!-- \/ Yoast SEO plugin. -->","yoast_head_json":{"title":"3 havi el\u0151fizet\u00e9s - Test, l\u00e9lek, szellem egyens\u00falya","description":"H\u00e1rom h\u00f3nap m\u00e9lyebb \u00f6nismeret \u00e9s testi harm\u00f3nia: minden h\u00f3napban \u00faj testr\u00e9sz, tudatos \u00e9tkez\u00e9si \u00e9s \u00e9letm\u00f3dtippek, gy\u00f3gyn\u00f6v\u00e9nyek \u00e9s visszan\u00e9zhet\u0151 tartalmak.","robots":{"index":"index","follow":"follow","max-snippet":"max-snippet:-1","max-image-preview":"max-image-preview:large","max-video-preview":"max-video-preview:-1"},"canonical":"https:\/\/testlelekszellemegyensulya.hu\/en\/product\/3-honapos-program-testi-lelki-atalakulas\/","og_locale":"en_GB","og_type":"article","og_title":"3 havi el\u0151fizet\u00e9s - Test, l\u00e9lek, szellem egyens\u00falya","og_description":"H\u00e1rom h\u00f3nap m\u00e9lyebb \u00f6nismeret \u00e9s testi harm\u00f3nia: minden h\u00f3napban \u00faj testr\u00e9sz, tudatos \u00e9tkez\u00e9si \u00e9s \u00e9letm\u00f3dtippek, gy\u00f3gyn\u00f6v\u00e9nyek \u00e9s visszan\u00e9zhet\u0151 tartalmak.","og_url":"https:\/\/testlelekszellemegyensulya.hu\/en\/product\/3-honapos-program-testi-lelki-atalakulas\/","og_site_name":"Test, l\u00e9lek, szellem egyens\u00falya","article_modified_time":"2025-12-08T09:05:50+00:00","og_image":[{"width":1000,"height":1000,"url":"https:\/\/testlelekszellemegyensulya.hu\/wp-content\/uploads\/2025\/12\/283463c8-e70b-403e-b520-5ef0c5e7061d.jpeg","type":"image\/jpeg"}],"twitter_card":"summary_large_image","twitter_misc":{"Estimated reading time":"1 minute"},"schema":{"@context":"https:\/\/schema.org","@graph":[{"@type":"WebPage","@id":"https:\/\/testlelekszellemegyensulya.hu\/termek\/3-honapos-program-testi-lelki-atalakulas\/","url":"https:\/\/testlelekszellemegyensulya.hu\/termek\/3-honapos-program-testi-lelki-atalakulas\/","name":"3 havi el\u0151fizet\u00e9s - Test, l\u00e9lek, szellem egyens\u00falya","isPartOf":{"@id":"https:\/\/testlelekszellemegyensulya.hu\/#website"},"primaryImageOfPage":{"@id":"https:\/\/testlelekszellemegyensulya.hu\/termek\/3-honapos-program-testi-lelki-atalakulas\/#primaryimage"},"image":{"@id":"https:\/\/testlelekszellemegyensulya.hu\/termek\/3-honapos-program-testi-lelki-atalakulas\/#primaryimage"},"thumbnailUrl":"https:\/\/testlelekszellemegyensulya.hu\/wp-content\/uploads\/2025\/12\/283463c8-e70b-403e-b520-5ef0c5e7061d.jpeg","datePublished":"2025-12-01T20:30:12+00:00","dateModified":"2025-12-08T09:05:50+00:00","description":"H\u00e1rom h\u00f3nap m\u00e9lyebb \u00f6nismeret \u00e9s testi harm\u00f3nia: minden h\u00f3napban \u00faj testr\u00e9sz, tudatos \u00e9tkez\u00e9si \u00e9s \u00e9letm\u00f3dtippek, gy\u00f3gyn\u00f6v\u00e9nyek \u00e9s visszan\u00e9zhet\u0151 tartalmak.","breadcrumb":{"@id":"https:\/\/testlelekszellemegyensulya.hu\/termek\/3-honapos-program-testi-lelki-atalakulas\/#breadcrumb"},"inLanguage":"en-GB","potentialAction":[{"@type":"ReadAction","target":["https:\/\/testlelekszellemegyensulya.hu\/termek\/3-honapos-program-testi-lelki-atalakulas\/"]}]},{"@type":"ImageObject","inLanguage":"en-GB","@id":"https:\/\/testlelekszellemegyensulya.hu\/termek\/3-honapos-program-testi-lelki-atalakulas\/#primaryimage","url":"https:\/\/testlelekszellemegyensulya.hu\/wp-content\/uploads\/2025\/12\/283463c8-e70b-403e-b520-5ef0c5e7061d.jpeg","contentUrl":"https:\/\/testlelekszellemegyensulya.hu\/wp-content\/uploads\/2025\/12\/283463c8-e70b-403e-b520-5ef0c5e7061d.jpeg","width":1000,"height":1000},{"@type":"BreadcrumbList","@id":"https:\/\/testlelekszellemegyensulya.hu\/termek\/3-honapos-program-testi-lelki-atalakulas\/#breadcrumb","itemListElement":[{"@type":"ListItem","position":1,"name":"Kezd\u0151lap","item":"https:\/\/testlelekszellemegyensulya.hu\/"},{"@type":"ListItem","position":2,"name":"\u00dczlet","item":"https:\/\/testlelekszellemegyensulya.hu\/uzlet\/"},{"@type":"ListItem","position":3,"name":"3 havi el\u0151fizet\u00e9s"}]},{"@type":"WebSite","@id":"https:\/\/testlelekszellemegyensulya.hu\/#website","url":"https:\/\/testlelekszellemegyensulya.hu\/","name":"Test, l\u00e9lek, szellem egyens\u00falya","description":"Term\u00e9szetes \u00fat az eg\u00e9szs\u00e9ghez biorezonanci\u00e1val","publisher":{"@id":"https:\/\/testlelekszellemegyensulya.hu\/#organization"},"potentialAction":[{"@type":"SearchAction","target":{"@type":"EntryPoint","urlTemplate":"https:\/\/testlelekszellemegyensulya.hu\/?s={search_term_string}"},"query-input":{"@type":"PropertyValueSpecification","valueRequired":true,"valueName":"search_term_string"}}],"inLanguage":"en-GB"},{"@type":"Organization","@id":"https:\/\/testlelekszellemegyensulya.hu\/#organization","name":"Test, l\u00e9lek, szellem egyens\u00falya","url":"https:\/\/testlelekszellemegyensulya.hu\/","logo":{"@type":"ImageObject","inLanguage":"en-GB","@id":"https:\/\/testlelekszellemegyensulya.hu\/#\/schema\/logo\/image\/","url":"https:\/\/testlelekszellemegyensulya.hu\/wp-content\/uploads\/2024\/12\/512x512-favikon-1.jpg","contentUrl":"https:\/\/testlelekszellemegyensulya.hu\/wp-content\/uploads\/2024\/12\/512x512-favikon-1.jpg","width":512,"height":512,"caption":"Test, l\u00e9lek, szellem egyens\u00falya"},"image":{"@id":"https:\/\/testlelekszellemegyensulya.hu\/#\/schema\/logo\/image\/"}}]}},"_links":{"self":[{"href":"https:\/\/testlelekszellemegyensulya.hu\/en\/wp-json\/wp\/v2\/product\/1361","targetHints":{"allow":["GET"]}}],"collection":[{"href":"https:\/\/testlelekszellemegyensulya.hu\/en\/wp-json\/wp\/v2\/product"}],"about":[{"href":"https:\/\/testlelekszellemegyensulya.hu\/en\/wp-json\/wp\/v2\/types\/product"}],"replies":[{"embeddable":true,"href":"https:\/\/testlelekszellemegyensulya.hu\/en\/wp-json\/wp\/v2\/comments?post=1361"}],"wp:featuredmedia":[{"embeddable":true,"href":"https:\/\/testlelekszellemegyensulya.hu\/en\/wp-json\/wp\/v2\/media\/1364"}],"wp:attachment":[{"href":"https:\/\/testlelekszellemegyensulya.hu\/en\/wp-json\/wp\/v2\/media?parent=1361"}],"wp:term":[{"taxonomy":"product_brand","embeddable":true,"href":"https:\/\/testlelekszellemegyensulya.hu\/en\/wp-json\/wp\/v2\/product_brand?post=1361"},{"taxonomy":"product_cat","embeddable":true,"href":"https:\/\/testlelekszellemegyensulya.hu\/en\/wp-json\/wp\/v2\/product_cat?post=1361"},{"taxonomy":"product_tag","embeddable":true,"href":"https:\/\/testlelekszellemegyensulya.hu\/en\/wp-json\/wp\/v2\/product_tag?post=1361"}],"curies":[{"name":"wp","href":"https:\/\/api.w.org\/{rel}","templated":true}]}}