{"id":1360,"date":"2025-12-01T21:32:10","date_gmt":"2025-12-01T20:32:10","guid":{"rendered":"https:\/\/testlelekszellemegyensulya.hu\/?post_type=product&#038;p=1360"},"modified":"2025-12-08T09:54:32","modified_gmt":"2025-12-08T08:54:32","slug":"egeszseg-testert-lelekert-szellemert-adrival-1honap-elofizetes","status":"publish","type":"product","link":"https:\/\/testlelekszellemegyensulya.hu\/en\/product\/egeszseg-testert-lelekert-szellemert-adrival-1honap-elofizetes\/","title":{"rendered":"1 havi el\u0151fizet\u00e9s"},"content":{"rendered":"<div style=\"max-width: 700px; margin: 0 auto 30px auto; padding: 24px 20px; border-radius: 12px; background: #f9f5ff; border: 1px solid #e0d7ff; font-family: -apple-system,BlinkMacSystemFont,'Segoe UI',sans-serif; color: #333; line-height: 1.6;\">\n<h2 style=\"margin: 0 0 16px 0; font-size: 26px; font-weight: bold; color: #4b2c82; text-align: left;\">Mit kapsz az el\u0151fizet\u00e9ssel?<\/h2>\n<p style=\"margin: 0 0 18px 0; font-size: 16px; font-weight: 600; color: #8a4bb8;\">El\u0151fizet\u00e9s id\u0151tartama: 1<span style=\"font-weight: bold;\">\u00a0h\u00f3nap<\/span><\/p>\n<ul style=\"list-style: none; padding: 0; margin: 0;\">\n<li style=\"display: flex; align-items: flex-start; margin-bottom: 10px;\"><span style=\"font-size: 20px; margin-right: 10px;\">\u2705<\/span><br \/>\n<strong>\u00c9l\u0151 ad\u00e1sok Adrival<\/strong>\u00a0(t\u00e9m\u00e1k: eg\u00e9szs\u00e9g, \u00f6ngy\u00f3gy\u00edt\u00e1s, 5 elem, \u00e9vszakok, lelki egyens\u00faly)<\/li>\n<li style=\"display: flex; align-items: flex-start; margin-bottom: 10px;\"><span style=\"font-size: 20px; margin-right: 10px;\">\u2705<\/span><br \/>\n<strong>Minden h\u00f3napban egy f\u0151 t\u00e9ma\u00a0<\/strong> + let\u00f6lthet\u0151 jegyzet<\/li>\n<li style=\"display: flex; align-items: flex-start; margin-bottom: 10px;\"><span style=\"font-size: 20px; margin-right: 10px;\">\u2705<\/span><br \/>\n<strong>Kapcsol\u00f3d\u00e1s a l\u00e9lekkel<\/strong>\u00a0\u2013 vezetett gyakorlatokkal<\/li>\n<li style=\"display: flex; align-items: flex-start; margin-bottom: 10px;\"><span style=\"font-size: 20px; margin-right: 10px;\">\u2705<\/span><br \/>\n<strong>K\u00e9rdezz\u2013felelek<\/strong>\u00a0alkalmak, ahol szem\u00e9lyesen tehetsz fel k\u00e9rd\u00e9seket<\/li>\n<li style=\"display: flex; align-items: flex-start; margin-bottom: 10px;\"><span style=\"font-size: 20px; margin-right: 10px;\">\u2705<\/span><br \/>\n<strong>Exkluz\u00edv, saj\u00e1t k\u00e9sz\u00edt\u00e9s\u0171 tartalom<\/strong>, ami sehol m\u00e1shol nem \u00e9rhet\u0151 el<\/li>\n<li style=\"display: flex; align-items: flex-start; margin-bottom: 10px;\"><span style=\"font-size: 20px; margin-right: 10px;\">\u2705<\/span><br \/>\n<strong>T\u00e1mogat\u00f3 k\u00f6z\u00f6ss\u00e9g<\/strong>, ahol hasonl\u00f3 \u00faton j\u00e1r\u00f3 emberekkel kapcsol\u00f3dhatsz<\/li>\n<li style=\"display: flex; align-items: flex-start; margin-bottom: 10px;\"><span style=\"font-size: 20px; margin-right: 10px;\">\u2705<\/span><br \/>\n<strong>Hozz\u00e1f\u00e9r\u00e9s a kor\u00e1bbi vide\u00f3khoz\u00a0<\/strong> (am\u00edg el\u0151fizet\u0151 vagy)<\/li>\n<li style=\"display: flex; align-items: flex-start;\"><span style=\"font-size: 20px; margin-right: 10px;\">\u2705<\/span><br \/>\n<strong>Tematikus rendez\u00e9s kalauzokba<\/strong>, hogy mindent k\u00f6nnyen megtal\u00e1lj<\/li>\n<\/ul>\n<\/div>","protected":false},"excerpt":{"rendered":"<div class=\"xdj266r x14z9mp xat24cr x1lziwak x1vvkbs\">\n<div dir=\"auto\">\n<h2 data-start=\"347\" data-end=\"404\"><strong data-start=\"352\" data-end=\"404\">\u00cdzel\u00edt\u0151 az egyens\u00falyb\u00f3l<\/strong><\/h2>\n<p data-start=\"406\" data-end=\"655\">Tiszta sz\u00edvemb\u0151l hiszem, hogy a l\u00e9lek egyens\u00falya \u00e9pp olyan fontos, mint a test\u00e9 \u2013 a kett\u0151 csak egy\u00fctt tud igaz\u00e1n j\u00f3l m\u0171k\u00f6dni. Ebben az egy h\u00f3napban vezetett lelki elcsendesed\u00e9sekkel, befel\u00e9 figyel\u00e9st seg\u00edt\u0151 gyakorlatokkal \u00e9s inspir\u00e1ci\u00f3kkal k\u00eds\u00e9rlek.<\/p>\n<p data-start=\"657\" data-end=\"914\">A h\u00f3nap t\u00e9m\u00e1ja egy <strong data-start=\"676\" data-end=\"707\">konkr\u00e9t testr\u00e9sz vagy szerv<\/strong> lesz: megn\u00e9zz\u00fck, hogyan m\u0171k\u00f6dik, <strong data-start=\"741\" data-end=\"761\">mit \u00e9rdemes enni<\/strong>, hogyan t\u00e1mogathatod, milyen \u00e9letm\u00f3dbeli l\u00e9p\u00e9sek seg\u00edtik az adott id\u0151szakban. Az adott h\u00f3nap tartalma mellett <strong data-start=\"872\" data-end=\"913\">minden kor\u00e1bbi anyagot visszan\u00e9zhetsz<\/strong>.<\/p>\n<p data-start=\"916\" data-end=\"1011\">Ha szeretn\u00e9d megtapasztalni a test \u00e9s l\u00e9lek harmoniz\u00e1l\u00e1s\u00e1nak els\u0151 l\u00e9p\u00e9seit, szeretettel v\u00e1rlak.<\/p>\n<p data-start=\"1013\" data-end=\"1024\"><strong data-start=\"1013\" data-end=\"1024\">Adrienn<\/strong><\/p>\n<\/div>\n<\/div>","protected":false},"featured_media":1366,"comment_status":"open","ping_status":"closed","template":"","meta":[],"product_brand":[],"product_cat":[28],"product_tag":[],"class_list":{"0":"post-1360","1":"product","2":"type-product","3":"status-publish","4":"has-post-thumbnail","6":"product_cat-egyeb","8":"first","9":"instock","10":"taxable","11":"shipping-taxable","12":"purchasable","13":"product-type-subscription"},"yoast_head":"<!-- This site is optimized with the Yoast SEO plugin v27.4 - https:\/\/yoast.com\/product\/yoast-seo-wordpress\/ -->\n<title>1 havi el\u0151fizet\u00e9s - Test, l\u00e9lek, szellem egyens\u00falya<\/title>\n<meta name=\"description\" content=\"Fedezd fel a testi \u00e9s lelki egyens\u00faly alapjait egy h\u00f3nap alatt. Minden h\u00f3napban egy testr\u00e9szt j\u00e1runk k\u00f6rbe, \u00e9vszakhoz igaz\u00edtott \u00e9telekkel \u00e9s gyakorlatokkal.\" \/>\n<meta name=\"robots\" content=\"index, follow, max-snippet:-1, max-image-preview:large, max-video-preview:-1\" \/>\n<link rel=\"canonical\" href=\"https:\/\/testlelekszellemegyensulya.hu\/en\/product\/egeszseg-testert-lelekert-szellemert-adrival-1honap-elofizetes\/\" \/>\n<meta property=\"og:locale\" content=\"en_GB\" \/>\n<meta property=\"og:type\" content=\"article\" \/>\n<meta property=\"og:title\" content=\"1 havi el\u0151fizet\u00e9s - Test, l\u00e9lek, szellem egyens\u00falya\" \/>\n<meta property=\"og:description\" content=\"Fedezd fel a testi \u00e9s lelki egyens\u00faly alapjait egy h\u00f3nap alatt. Minden h\u00f3napban egy testr\u00e9szt j\u00e1runk k\u00f6rbe, \u00e9vszakhoz igaz\u00edtott \u00e9telekkel \u00e9s gyakorlatokkal.\" \/>\n<meta property=\"og:url\" content=\"https:\/\/testlelekszellemegyensulya.hu\/en\/product\/egeszseg-testert-lelekert-szellemert-adrival-1honap-elofizetes\/\" \/>\n<meta property=\"og:site_name\" content=\"Test, l\u00e9lek, szellem egyens\u00falya\" \/>\n<meta property=\"article:modified_time\" content=\"2025-12-08T08:54:32+00:00\" \/>\n<meta property=\"og:image\" content=\"https:\/\/testlelekszellemegyensulya.hu\/wp-content\/uploads\/2025\/12\/4bdbbd20-24ab-4b4c-a07a-093e03376136.jpeg\" \/>\n\t<meta property=\"og:image:width\" content=\"1000\" \/>\n\t<meta property=\"og:image:height\" content=\"1000\" \/>\n\t<meta property=\"og:image:type\" content=\"image\/jpeg\" \/>\n<meta name=\"twitter:card\" content=\"summary_large_image\" \/>\n<meta name=\"twitter:label1\" content=\"Estimated reading time\" \/>\n\t<meta name=\"twitter:data1\" content=\"1 minute\" \/>\n<script type=\"application\/ld+json\" class=\"yoast-schema-graph\">{\"@context\":\"https:\\\/\\\/schema.org\",\"@graph\":[{\"@type\":\"WebPage\",\"@id\":\"https:\\\/\\\/testlelekszellemegyensulya.hu\\\/termek\\\/egeszseg-testert-lelekert-szellemert-adrival-1honap-elofizetes\\\/\",\"url\":\"https:\\\/\\\/testlelekszellemegyensulya.hu\\\/termek\\\/egeszseg-testert-lelekert-szellemert-adrival-1honap-elofizetes\\\/\",\"name\":\"1 havi el\u0151fizet\u00e9s - Test, l\u00e9lek, szellem egyens\u00falya\",\"isPartOf\":{\"@id\":\"https:\\\/\\\/testlelekszellemegyensulya.hu\\\/#website\"},\"primaryImageOfPage\":{\"@id\":\"https:\\\/\\\/testlelekszellemegyensulya.hu\\\/termek\\\/egeszseg-testert-lelekert-szellemert-adrival-1honap-elofizetes\\\/#primaryimage\"},\"image\":{\"@id\":\"https:\\\/\\\/testlelekszellemegyensulya.hu\\\/termek\\\/egeszseg-testert-lelekert-szellemert-adrival-1honap-elofizetes\\\/#primaryimage\"},\"thumbnailUrl\":\"https:\\\/\\\/testlelekszellemegyensulya.hu\\\/wp-content\\\/uploads\\\/2025\\\/12\\\/4bdbbd20-24ab-4b4c-a07a-093e03376136.jpeg\",\"datePublished\":\"2025-12-01T20:32:10+00:00\",\"dateModified\":\"2025-12-08T08:54:32+00:00\",\"description\":\"Fedezd fel a testi \u00e9s lelki egyens\u00faly alapjait egy h\u00f3nap alatt. Minden h\u00f3napban egy testr\u00e9szt j\u00e1runk k\u00f6rbe, \u00e9vszakhoz igaz\u00edtott \u00e9telekkel \u00e9s gyakorlatokkal.\",\"breadcrumb\":{\"@id\":\"https:\\\/\\\/testlelekszellemegyensulya.hu\\\/termek\\\/egeszseg-testert-lelekert-szellemert-adrival-1honap-elofizetes\\\/#breadcrumb\"},\"inLanguage\":\"en-GB\",\"potentialAction\":[{\"@type\":\"ReadAction\",\"target\":[\"https:\\\/\\\/testlelekszellemegyensulya.hu\\\/termek\\\/egeszseg-testert-lelekert-szellemert-adrival-1honap-elofizetes\\\/\"]}]},{\"@type\":\"ImageObject\",\"inLanguage\":\"en-GB\",\"@id\":\"https:\\\/\\\/testlelekszellemegyensulya.hu\\\/termek\\\/egeszseg-testert-lelekert-szellemert-adrival-1honap-elofizetes\\\/#primaryimage\",\"url\":\"https:\\\/\\\/testlelekszellemegyensulya.hu\\\/wp-content\\\/uploads\\\/2025\\\/12\\\/4bdbbd20-24ab-4b4c-a07a-093e03376136.jpeg\",\"contentUrl\":\"https:\\\/\\\/testlelekszellemegyensulya.hu\\\/wp-content\\\/uploads\\\/2025\\\/12\\\/4bdbbd20-24ab-4b4c-a07a-093e03376136.jpeg\",\"width\":1000,\"height\":1000},{\"@type\":\"BreadcrumbList\",\"@id\":\"https:\\\/\\\/testlelekszellemegyensulya.hu\\\/termek\\\/egeszseg-testert-lelekert-szellemert-adrival-1honap-elofizetes\\\/#breadcrumb\",\"itemListElement\":[{\"@type\":\"ListItem\",\"position\":1,\"name\":\"Kezd\u0151lap\",\"item\":\"https:\\\/\\\/testlelekszellemegyensulya.hu\\\/\"},{\"@type\":\"ListItem\",\"position\":2,\"name\":\"\u00dczlet\",\"item\":\"https:\\\/\\\/testlelekszellemegyensulya.hu\\\/uzlet\\\/\"},{\"@type\":\"ListItem\",\"position\":3,\"name\":\"1 havi el\u0151fizet\u00e9s\"}]},{\"@type\":\"WebSite\",\"@id\":\"https:\\\/\\\/testlelekszellemegyensulya.hu\\\/#website\",\"url\":\"https:\\\/\\\/testlelekszellemegyensulya.hu\\\/\",\"name\":\"Test, l\u00e9lek, szellem egyens\u00falya\",\"description\":\"Term\u00e9szetes \u00fat az eg\u00e9szs\u00e9ghez biorezonanci\u00e1val\",\"publisher\":{\"@id\":\"https:\\\/\\\/testlelekszellemegyensulya.hu\\\/#organization\"},\"potentialAction\":[{\"@type\":\"SearchAction\",\"target\":{\"@type\":\"EntryPoint\",\"urlTemplate\":\"https:\\\/\\\/testlelekszellemegyensulya.hu\\\/?s={search_term_string}\"},\"query-input\":{\"@type\":\"PropertyValueSpecification\",\"valueRequired\":true,\"valueName\":\"search_term_string\"}}],\"inLanguage\":\"en-GB\"},{\"@type\":\"Organization\",\"@id\":\"https:\\\/\\\/testlelekszellemegyensulya.hu\\\/#organization\",\"name\":\"Test, l\u00e9lek, szellem egyens\u00falya\",\"url\":\"https:\\\/\\\/testlelekszellemegyensulya.hu\\\/\",\"logo\":{\"@type\":\"ImageObject\",\"inLanguage\":\"en-GB\",\"@id\":\"https:\\\/\\\/testlelekszellemegyensulya.hu\\\/#\\\/schema\\\/logo\\\/image\\\/\",\"url\":\"https:\\\/\\\/testlelekszellemegyensulya.hu\\\/wp-content\\\/uploads\\\/2024\\\/12\\\/512x512-favikon-1.jpg\",\"contentUrl\":\"https:\\\/\\\/testlelekszellemegyensulya.hu\\\/wp-content\\\/uploads\\\/2024\\\/12\\\/512x512-favikon-1.jpg\",\"width\":512,\"height\":512,\"caption\":\"Test, l\u00e9lek, szellem egyens\u00falya\"},\"image\":{\"@id\":\"https:\\\/\\\/testlelekszellemegyensulya.hu\\\/#\\\/schema\\\/logo\\\/image\\\/\"}}]}<\/script>\n<!-- \/ Yoast SEO plugin. -->","yoast_head_json":{"title":"1 havi el\u0151fizet\u00e9s - Test, l\u00e9lek, szellem egyens\u00falya","description":"Fedezd fel a testi \u00e9s lelki egyens\u00faly alapjait egy h\u00f3nap alatt. Minden h\u00f3napban egy testr\u00e9szt j\u00e1runk k\u00f6rbe, \u00e9vszakhoz igaz\u00edtott \u00e9telekkel \u00e9s gyakorlatokkal.","robots":{"index":"index","follow":"follow","max-snippet":"max-snippet:-1","max-image-preview":"max-image-preview:large","max-video-preview":"max-video-preview:-1"},"canonical":"https:\/\/testlelekszellemegyensulya.hu\/en\/product\/egeszseg-testert-lelekert-szellemert-adrival-1honap-elofizetes\/","og_locale":"en_GB","og_type":"article","og_title":"1 havi el\u0151fizet\u00e9s - Test, l\u00e9lek, szellem egyens\u00falya","og_description":"Fedezd fel a testi \u00e9s lelki egyens\u00faly alapjait egy h\u00f3nap alatt. Minden h\u00f3napban egy testr\u00e9szt j\u00e1runk k\u00f6rbe, \u00e9vszakhoz igaz\u00edtott \u00e9telekkel \u00e9s gyakorlatokkal.","og_url":"https:\/\/testlelekszellemegyensulya.hu\/en\/product\/egeszseg-testert-lelekert-szellemert-adrival-1honap-elofizetes\/","og_site_name":"Test, l\u00e9lek, szellem egyens\u00falya","article_modified_time":"2025-12-08T08:54:32+00:00","og_image":[{"width":1000,"height":1000,"url":"https:\/\/testlelekszellemegyensulya.hu\/wp-content\/uploads\/2025\/12\/4bdbbd20-24ab-4b4c-a07a-093e03376136.jpeg","type":"image\/jpeg"}],"twitter_card":"summary_large_image","twitter_misc":{"Estimated reading time":"1 minute"},"schema":{"@context":"https:\/\/schema.org","@graph":[{"@type":"WebPage","@id":"https:\/\/testlelekszellemegyensulya.hu\/termek\/egeszseg-testert-lelekert-szellemert-adrival-1honap-elofizetes\/","url":"https:\/\/testlelekszellemegyensulya.hu\/termek\/egeszseg-testert-lelekert-szellemert-adrival-1honap-elofizetes\/","name":"1 havi el\u0151fizet\u00e9s - Test, l\u00e9lek, szellem egyens\u00falya","isPartOf":{"@id":"https:\/\/testlelekszellemegyensulya.hu\/#website"},"primaryImageOfPage":{"@id":"https:\/\/testlelekszellemegyensulya.hu\/termek\/egeszseg-testert-lelekert-szellemert-adrival-1honap-elofizetes\/#primaryimage"},"image":{"@id":"https:\/\/testlelekszellemegyensulya.hu\/termek\/egeszseg-testert-lelekert-szellemert-adrival-1honap-elofizetes\/#primaryimage"},"thumbnailUrl":"https:\/\/testlelekszellemegyensulya.hu\/wp-content\/uploads\/2025\/12\/4bdbbd20-24ab-4b4c-a07a-093e03376136.jpeg","datePublished":"2025-12-01T20:32:10+00:00","dateModified":"2025-12-08T08:54:32+00:00","description":"Fedezd fel a testi \u00e9s lelki egyens\u00faly alapjait egy h\u00f3nap alatt. Minden h\u00f3napban egy testr\u00e9szt j\u00e1runk k\u00f6rbe, \u00e9vszakhoz igaz\u00edtott \u00e9telekkel \u00e9s gyakorlatokkal.","breadcrumb":{"@id":"https:\/\/testlelekszellemegyensulya.hu\/termek\/egeszseg-testert-lelekert-szellemert-adrival-1honap-elofizetes\/#breadcrumb"},"inLanguage":"en-GB","potentialAction":[{"@type":"ReadAction","target":["https:\/\/testlelekszellemegyensulya.hu\/termek\/egeszseg-testert-lelekert-szellemert-adrival-1honap-elofizetes\/"]}]},{"@type":"ImageObject","inLanguage":"en-GB","@id":"https:\/\/testlelekszellemegyensulya.hu\/termek\/egeszseg-testert-lelekert-szellemert-adrival-1honap-elofizetes\/#primaryimage","url":"https:\/\/testlelekszellemegyensulya.hu\/wp-content\/uploads\/2025\/12\/4bdbbd20-24ab-4b4c-a07a-093e03376136.jpeg","contentUrl":"https:\/\/testlelekszellemegyensulya.hu\/wp-content\/uploads\/2025\/12\/4bdbbd20-24ab-4b4c-a07a-093e03376136.jpeg","width":1000,"height":1000},{"@type":"BreadcrumbList","@id":"https:\/\/testlelekszellemegyensulya.hu\/termek\/egeszseg-testert-lelekert-szellemert-adrival-1honap-elofizetes\/#breadcrumb","itemListElement":[{"@type":"ListItem","position":1,"name":"Kezd\u0151lap","item":"https:\/\/testlelekszellemegyensulya.hu\/"},{"@type":"ListItem","position":2,"name":"\u00dczlet","item":"https:\/\/testlelekszellemegyensulya.hu\/uzlet\/"},{"@type":"ListItem","position":3,"name":"1 havi el\u0151fizet\u00e9s"}]},{"@type":"WebSite","@id":"https:\/\/testlelekszellemegyensulya.hu\/#website","url":"https:\/\/testlelekszellemegyensulya.hu\/","name":"Test, l\u00e9lek, szellem egyens\u00falya","description":"Term\u00e9szetes \u00fat az eg\u00e9szs\u00e9ghez biorezonanci\u00e1val","publisher":{"@id":"https:\/\/testlelekszellemegyensulya.hu\/#organization"},"potentialAction":[{"@type":"SearchAction","target":{"@type":"EntryPoint","urlTemplate":"https:\/\/testlelekszellemegyensulya.hu\/?s={search_term_string}"},"query-input":{"@type":"PropertyValueSpecification","valueRequired":true,"valueName":"search_term_string"}}],"inLanguage":"en-GB"},{"@type":"Organization","@id":"https:\/\/testlelekszellemegyensulya.hu\/#organization","name":"Test, l\u00e9lek, szellem egyens\u00falya","url":"https:\/\/testlelekszellemegyensulya.hu\/","logo":{"@type":"ImageObject","inLanguage":"en-GB","@id":"https:\/\/testlelekszellemegyensulya.hu\/#\/schema\/logo\/image\/","url":"https:\/\/testlelekszellemegyensulya.hu\/wp-content\/uploads\/2024\/12\/512x512-favikon-1.jpg","contentUrl":"https:\/\/testlelekszellemegyensulya.hu\/wp-content\/uploads\/2024\/12\/512x512-favikon-1.jpg","width":512,"height":512,"caption":"Test, l\u00e9lek, szellem egyens\u00falya"},"image":{"@id":"https:\/\/testlelekszellemegyensulya.hu\/#\/schema\/logo\/image\/"}}]}},"_links":{"self":[{"href":"https:\/\/testlelekszellemegyensulya.hu\/en\/wp-json\/wp\/v2\/product\/1360","targetHints":{"allow":["GET"]}}],"collection":[{"href":"https:\/\/testlelekszellemegyensulya.hu\/en\/wp-json\/wp\/v2\/product"}],"about":[{"href":"https:\/\/testlelekszellemegyensulya.hu\/en\/wp-json\/wp\/v2\/types\/product"}],"replies":[{"embeddable":true,"href":"https:\/\/testlelekszellemegyensulya.hu\/en\/wp-json\/wp\/v2\/comments?post=1360"}],"wp:featuredmedia":[{"embeddable":true,"href":"https:\/\/testlelekszellemegyensulya.hu\/en\/wp-json\/wp\/v2\/media\/1366"}],"wp:attachment":[{"href":"https:\/\/testlelekszellemegyensulya.hu\/en\/wp-json\/wp\/v2\/media?parent=1360"}],"wp:term":[{"taxonomy":"product_brand","embeddable":true,"href":"https:\/\/testlelekszellemegyensulya.hu\/en\/wp-json\/wp\/v2\/product_brand?post=1360"},{"taxonomy":"product_cat","embeddable":true,"href":"https:\/\/testlelekszellemegyensulya.hu\/en\/wp-json\/wp\/v2\/product_cat?post=1360"},{"taxonomy":"product_tag","embeddable":true,"href":"https:\/\/testlelekszellemegyensulya.hu\/en\/wp-json\/wp\/v2\/product_tag?post=1360"}],"curies":[{"name":"wp","href":"https:\/\/api.w.org\/{rel}","templated":true}]}}