{"id":602,"date":"2025-01-18T14:44:01","date_gmt":"2025-01-18T13:44:01","guid":{"rendered":"https:\/\/testlelekszellemegyensulya.hu\/?page_id=602"},"modified":"2025-01-18T14:44:48","modified_gmt":"2025-01-18T13:44:48","slug":"kapcsolat","status":"publish","type":"page","link":"https:\/\/testlelekszellemegyensulya.hu\/en\/kapcsolat\/","title":{"rendered":"Kapcsolat"},"content":{"rendered":"<div data-elementor-type=\"wp-page\" data-elementor-id=\"602\" class=\"elementor elementor-602\" data-elementor-post-type=\"page\">\n\t\t\t\t<div class=\"elementor-element elementor-element-8fd0198 e-flex e-con-boxed e-con e-parent\" data-id=\"8fd0198\" data-element_type=\"container\">\n\t\t\t\t\t<div class=\"e-con-inner\">\n\t\t<div class=\"elementor-element elementor-element-adf927c e-con-full e-flex e-con e-child\" data-id=\"adf927c\" data-element_type=\"container\">\n\t\t\t\t<div class=\"elementor-element elementor-element-f272d5a elementor-widget elementor-widget-heading\" data-id=\"f272d5a\" data-element_type=\"widget\" data-widget_type=\"heading.default\">\n\t\t\t\t<div class=\"elementor-widget-container\">\n\t\t\t\t\t<h2 class=\"elementor-heading-title elementor-size-default\">Kapcsolat felv\u00e9tel<\/h2>\t\t\t\t<\/div>\n\t\t\t\t<\/div>\n\t\t\t\t<div class=\"elementor-element elementor-element-e25bb16 elementor-widget elementor-widget-heading\" data-id=\"e25bb16\" data-element_type=\"widget\" data-widget_type=\"heading.default\">\n\t\t\t\t<div class=\"elementor-widget-container\">\n\t\t\t\t\t<h2 class=\"elementor-heading-title elementor-size-default\">\u00cdrj nekem!<\/h2>\t\t\t\t<\/div>\n\t\t\t\t<\/div>\n\t\t\t\t<div class=\"elementor-element elementor-element-d663511 elementor-widget elementor-widget-text-editor\" data-id=\"d663511\" data-element_type=\"widget\" data-widget_type=\"text-editor.default\">\n\t\t\t\t<div class=\"elementor-widget-container\">\n\t\t\t\t\t\t\t\t\t<p>K\u00e9rd\u00e9seiddel \u00e9s \u00e1rakkal kapcsolatban kereshetsz telefonon vagy eznen az \u00fcrlapon kereszt\u00fck, de \u00edrhatsz e-mailt is.<\/p>\t\t\t\t\t\t\t\t<\/div>\n\t\t\t\t<\/div>\n\t\t\t\t<div class=\"elementor-element elementor-element-98c9a97 elementor-widget-tablet__width-inherit elementor-button-align-stretch elementor-widget elementor-widget-form\" data-id=\"98c9a97\" data-element_type=\"widget\" data-settings=\"{&quot;step_next_label&quot;:&quot;K\\u00f6vetkez\\u0151&quot;,&quot;step_previous_label&quot;:&quot;El\\u0151z\\u0151&quot;,&quot;step_type&quot;:&quot;number_text&quot;,&quot;step_icon_shape&quot;:&quot;circle&quot;}\" data-widget_type=\"form.default\">\n\t\t\t\t<div class=\"elementor-widget-container\">\n\t\t\t\t\t\t\t<form class=\"elementor-form\" method=\"post\" name=\"\u00daj \u0171rlap\" aria-label=\"\u00daj \u0171rlap\" action=\"\">\n\t\t\t<input type=\"hidden\" name=\"post_id\" value=\"602\"\/>\n\t\t\t<input type=\"hidden\" name=\"form_id\" value=\"98c9a97\"\/>\n\t\t\t<input type=\"hidden\" name=\"referer_title\" value=\"Kapcsolat - Test, l\u00e9lek, szellem egyens\u00falya\" \/>\n\n\t\t\t\t\t\t\t<input type=\"hidden\" name=\"queried_id\" value=\"602\"\/>\n\t\t\t\n\t\t\t<div class=\"elementor-form-fields-wrapper elementor-labels-above\">\n\t\t\t\t\t\t\t\t<div class=\"elementor-field-type-text elementor-field-group elementor-column elementor-field-group-field_866aa75 elementor-col-100 elementor-field-required\">\n\t\t\t\t\t\t\t\t\t\t\t\t<label for=\"form-field-field_866aa75\" class=\"elementor-field-label\">\n\t\t\t\t\t\t\t\tTeljes n\u00e9v\t\t\t\t\t\t\t<\/label>\n\t\t\t\t\t\t\t\t\t\t\t\t\t\t<input size=\"1\" type=\"text\" name=\"form_fields[field_866aa75]\" id=\"form-field-field_866aa75\" class=\"elementor-field elementor-size-sm  elementor-field-textual\" placeholder=\"Teljes n\u00e9v\" required=\"required\">\n\t\t\t\t\t\t\t\t\t\t\t<\/div>\n\t\t\t\t\t\t\t\t<div class=\"elementor-field-type-text elementor-field-group elementor-column elementor-field-group-field_866aa75 elementor-col-100 elementor-field-required\">\n\t\t\t\t\t\t\t\t\t\t\t\t<label for=\"form-field-field_866aa75\" class=\"elementor-field-label\">\n\t\t\t\t\t\t\t\tTelefonsz\u00e1m\t\t\t\t\t\t\t<\/label>\n\t\t\t\t\t\t\t\t\t\t\t\t\t\t<input size=\"1\" type=\"text\" name=\"form_fields[field_866aa75]\" id=\"form-field-field_866aa75\" class=\"elementor-field elementor-size-sm  elementor-field-textual\" placeholder=\"Telefonsz\u00e1m\" required=\"required\">\n\t\t\t\t\t\t\t\t\t\t\t<\/div>\n\t\t\t\t\t\t\t\t<div class=\"elementor-field-type-email elementor-field-group elementor-column elementor-field-group-name elementor-col-100 elementor-field-required\">\n\t\t\t\t\t\t\t\t\t\t\t\t<label for=\"form-field-name\" class=\"elementor-field-label\">\n\t\t\t\t\t\t\t\tE-mail c\u00edm\t\t\t\t\t\t\t<\/label>\n\t\t\t\t\t\t\t\t\t\t\t\t\t\t<input size=\"1\" type=\"email\" name=\"form_fields[name]\" id=\"form-field-name\" class=\"elementor-field elementor-size-sm  elementor-field-textual\" placeholder=\"E-mail c\u00edm\" required=\"required\">\n\t\t\t\t\t\t\t\t\t\t\t<\/div>\n\t\t\t\t\t\t\t\t<div class=\"elementor-field-type-textarea elementor-field-group elementor-column elementor-field-group-field_e09a4b0 elementor-col-100\">\n\t\t\t\t\t\t\t\t\t\t\t\t<label for=\"form-field-field_e09a4b0\" class=\"elementor-field-label\">\n\t\t\t\t\t\t\t\t\u00dczenet\t\t\t\t\t\t\t<\/label>\n\t\t\t\t\t\t<textarea class=\"elementor-field-textual elementor-field  elementor-size-sm\" name=\"form_fields[field_e09a4b0]\" id=\"form-field-field_e09a4b0\" rows=\"4\" placeholder=\"\u00dczenet\"><\/textarea>\t\t\t\t<\/div>\n\t\t\t\t\t\t\t\t<div class=\"elementor-field-type-acceptance elementor-field-group elementor-column elementor-field-group-field_b073c3f elementor-col-100 elementor-field-required\">\n\t\t\t\t\t\t\t<div class=\"elementor-field-subgroup\">\n\t\t\t<span class=\"elementor-field-option\">\n\t\t\t\t<input type=\"checkbox\" name=\"form_fields[field_b073c3f]\" id=\"form-field-field_b073c3f\" class=\"elementor-field elementor-size-sm  elementor-acceptance-field\" required=\"required\">\n\t\t\t\t<label for=\"form-field-field_b073c3f\">Elolvastam \u00e9s elfogadom az <a href=\"\/en\/adatkezelesi-tajekoztato\/\"target=\"blank\">adatv\u00e9delmi nyilatkozatot.<\/a><\/label>\t\t\t<\/span>\n\t\t<\/div>\n\t\t\t\t\t\t<\/div>\n\t\t\t\t\t\t\t\t<div class=\"elementor-field-group elementor-column elementor-field-type-submit elementor-col-100 e-form__buttons\">\n\t\t\t\t\t<button class=\"elementor-button elementor-size-sm\" type=\"submit\">\n\t\t\t\t\t\t<span class=\"elementor-button-content-wrapper\">\n\t\t\t\t\t\t\t\t\t\t\t\t\t\t\t\t\t\t\t\t\t\t<span class=\"elementor-button-text\">K\u00fcld\u00e9s<\/span>\n\t\t\t\t\t\t\t\t\t\t\t\t\t<\/span>\n\t\t\t\t\t<\/button>\n\t\t\t\t<\/div>\n\t\t\t<\/div>\n\t\t<input type=\"hidden\" name=\"trp-form-language\" value=\"en\"\/><\/form>\n\t\t\t\t\t\t<\/div>\n\t\t\t\t<\/div>\n\t\t\t\t<\/div>\n\t\t\t\t\t<\/div>\n\t\t\t\t<\/div>\n\t\t\t\t<\/div>","protected":false},"excerpt":{"rendered":"<p>Kapcsolat felv\u00e9tel \u00cdrj nekem! K\u00e9rd\u00e9seiddel \u00e9s \u00e1rakkal kapcsolatban kereshetsz telefonon vagy eznen az \u00fcrlapon kereszt\u00fck, de \u00edrhatsz e-mailt is.<\/p>","protected":false},"author":1,"featured_media":0,"parent":0,"menu_order":0,"comment_status":"closed","ping_status":"closed","template":"","meta":{"footnotes":""},"class_list":["post-602","page","type-page","status-publish","hentry"],"yoast_head":"<!-- This site is optimized with the Yoast SEO plugin v27.4 - https:\/\/yoast.com\/product\/yoast-seo-wordpress\/ -->\n<title>Kapcsolat - Test, l\u00e9lek, szellem egyens\u00falya<\/title>\n<meta name=\"robots\" content=\"index, follow, max-snippet:-1, max-image-preview:large, max-video-preview:-1\" \/>\n<link rel=\"canonical\" href=\"https:\/\/testlelekszellemegyensulya.hu\/en\/kapcsolat\/\" \/>\n<meta property=\"og:locale\" content=\"en_GB\" \/>\n<meta property=\"og:type\" content=\"article\" \/>\n<meta property=\"og:title\" content=\"Kapcsolat - Test, l\u00e9lek, szellem egyens\u00falya\" \/>\n<meta property=\"og:description\" content=\"Kapcsolat felv\u00e9tel \u00cdrj nekem! K\u00e9rd\u00e9seiddel \u00e9s \u00e1rakkal kapcsolatban kereshetsz telefonon vagy eznen az \u00fcrlapon kereszt\u00fck, de \u00edrhatsz e-mailt is.\" \/>\n<meta property=\"og:url\" content=\"https:\/\/testlelekszellemegyensulya.hu\/en\/kapcsolat\/\" \/>\n<meta property=\"og:site_name\" content=\"Test, l\u00e9lek, szellem egyens\u00falya\" \/>\n<meta property=\"article:modified_time\" content=\"2025-01-18T13:44:48+00:00\" \/>\n<meta name=\"twitter:card\" content=\"summary_large_image\" \/>\n<meta name=\"twitter:label1\" content=\"Estimated reading time\" \/>\n\t<meta name=\"twitter:data1\" content=\"1 minute\" \/>\n<script type=\"application\/ld+json\" class=\"yoast-schema-graph\">{\"@context\":\"https:\\\/\\\/schema.org\",\"@graph\":[{\"@type\":\"WebPage\",\"@id\":\"https:\\\/\\\/testlelekszellemegyensulya.hu\\\/kapcsolat\\\/\",\"url\":\"https:\\\/\\\/testlelekszellemegyensulya.hu\\\/kapcsolat\\\/\",\"name\":\"Kapcsolat - Test, l\u00e9lek, szellem egyens\u00falya\",\"isPartOf\":{\"@id\":\"https:\\\/\\\/testlelekszellemegyensulya.hu\\\/#website\"},\"datePublished\":\"2025-01-18T13:44:01+00:00\",\"dateModified\":\"2025-01-18T13:44:48+00:00\",\"breadcrumb\":{\"@id\":\"https:\\\/\\\/testlelekszellemegyensulya.hu\\\/kapcsolat\\\/#breadcrumb\"},\"inLanguage\":\"en-GB\",\"potentialAction\":[{\"@type\":\"ReadAction\",\"target\":[\"https:\\\/\\\/testlelekszellemegyensulya.hu\\\/kapcsolat\\\/\"]}]},{\"@type\":\"BreadcrumbList\",\"@id\":\"https:\\\/\\\/testlelekszellemegyensulya.hu\\\/kapcsolat\\\/#breadcrumb\",\"itemListElement\":[{\"@type\":\"ListItem\",\"position\":1,\"name\":\"Kezd\u0151lap\",\"item\":\"https:\\\/\\\/testlelekszellemegyensulya.hu\\\/\"},{\"@type\":\"ListItem\",\"position\":2,\"name\":\"Kapcsolat\"}]},{\"@type\":\"WebSite\",\"@id\":\"https:\\\/\\\/testlelekszellemegyensulya.hu\\\/#website\",\"url\":\"https:\\\/\\\/testlelekszellemegyensulya.hu\\\/\",\"name\":\"Test, l\u00e9lek, szellem egyens\u00falya\",\"description\":\"Term\u00e9szetes \u00fat az eg\u00e9szs\u00e9ghez biorezonanci\u00e1val\",\"publisher\":{\"@id\":\"https:\\\/\\\/testlelekszellemegyensulya.hu\\\/#organization\"},\"potentialAction\":[{\"@type\":\"SearchAction\",\"target\":{\"@type\":\"EntryPoint\",\"urlTemplate\":\"https:\\\/\\\/testlelekszellemegyensulya.hu\\\/?s={search_term_string}\"},\"query-input\":{\"@type\":\"PropertyValueSpecification\",\"valueRequired\":true,\"valueName\":\"search_term_string\"}}],\"inLanguage\":\"en-GB\"},{\"@type\":\"Organization\",\"@id\":\"https:\\\/\\\/testlelekszellemegyensulya.hu\\\/#organization\",\"name\":\"Test, l\u00e9lek, szellem egyens\u00falya\",\"url\":\"https:\\\/\\\/testlelekszellemegyensulya.hu\\\/\",\"logo\":{\"@type\":\"ImageObject\",\"inLanguage\":\"en-GB\",\"@id\":\"https:\\\/\\\/testlelekszellemegyensulya.hu\\\/#\\\/schema\\\/logo\\\/image\\\/\",\"url\":\"https:\\\/\\\/testlelekszellemegyensulya.hu\\\/wp-content\\\/uploads\\\/2024\\\/12\\\/512x512-favikon-1.jpg\",\"contentUrl\":\"https:\\\/\\\/testlelekszellemegyensulya.hu\\\/wp-content\\\/uploads\\\/2024\\\/12\\\/512x512-favikon-1.jpg\",\"width\":512,\"height\":512,\"caption\":\"Test, l\u00e9lek, szellem egyens\u00falya\"},\"image\":{\"@id\":\"https:\\\/\\\/testlelekszellemegyensulya.hu\\\/#\\\/schema\\\/logo\\\/image\\\/\"}}]}<\/script>\n<!-- \/ Yoast SEO plugin. -->","yoast_head_json":{"title":"Kapcsolat - Test, l\u00e9lek, szellem egyens\u00falya","robots":{"index":"index","follow":"follow","max-snippet":"max-snippet:-1","max-image-preview":"max-image-preview:large","max-video-preview":"max-video-preview:-1"},"canonical":"https:\/\/testlelekszellemegyensulya.hu\/en\/kapcsolat\/","og_locale":"en_GB","og_type":"article","og_title":"Kapcsolat - Test, l\u00e9lek, szellem egyens\u00falya","og_description":"Kapcsolat felv\u00e9tel \u00cdrj nekem! K\u00e9rd\u00e9seiddel \u00e9s \u00e1rakkal kapcsolatban kereshetsz telefonon vagy eznen az \u00fcrlapon kereszt\u00fck, de \u00edrhatsz e-mailt is.","og_url":"https:\/\/testlelekszellemegyensulya.hu\/en\/kapcsolat\/","og_site_name":"Test, l\u00e9lek, szellem egyens\u00falya","article_modified_time":"2025-01-18T13:44:48+00:00","twitter_card":"summary_large_image","twitter_misc":{"Estimated reading time":"1 minute"},"schema":{"@context":"https:\/\/schema.org","@graph":[{"@type":"WebPage","@id":"https:\/\/testlelekszellemegyensulya.hu\/kapcsolat\/","url":"https:\/\/testlelekszellemegyensulya.hu\/kapcsolat\/","name":"Kapcsolat - Test, l\u00e9lek, szellem egyens\u00falya","isPartOf":{"@id":"https:\/\/testlelekszellemegyensulya.hu\/#website"},"datePublished":"2025-01-18T13:44:01+00:00","dateModified":"2025-01-18T13:44:48+00:00","breadcrumb":{"@id":"https:\/\/testlelekszellemegyensulya.hu\/kapcsolat\/#breadcrumb"},"inLanguage":"en-GB","potentialAction":[{"@type":"ReadAction","target":["https:\/\/testlelekszellemegyensulya.hu\/kapcsolat\/"]}]},{"@type":"BreadcrumbList","@id":"https:\/\/testlelekszellemegyensulya.hu\/kapcsolat\/#breadcrumb","itemListElement":[{"@type":"ListItem","position":1,"name":"Kezd\u0151lap","item":"https:\/\/testlelekszellemegyensulya.hu\/"},{"@type":"ListItem","position":2,"name":"Kapcsolat"}]},{"@type":"WebSite","@id":"https:\/\/testlelekszellemegyensulya.hu\/#website","url":"https:\/\/testlelekszellemegyensulya.hu\/","name":"Test, l\u00e9lek, szellem egyens\u00falya","description":"Term\u00e9szetes \u00fat az eg\u00e9szs\u00e9ghez biorezonanci\u00e1val","publisher":{"@id":"https:\/\/testlelekszellemegyensulya.hu\/#organization"},"potentialAction":[{"@type":"SearchAction","target":{"@type":"EntryPoint","urlTemplate":"https:\/\/testlelekszellemegyensulya.hu\/?s={search_term_string}"},"query-input":{"@type":"PropertyValueSpecification","valueRequired":true,"valueName":"search_term_string"}}],"inLanguage":"en-GB"},{"@type":"Organization","@id":"https:\/\/testlelekszellemegyensulya.hu\/#organization","name":"Test, l\u00e9lek, szellem egyens\u00falya","url":"https:\/\/testlelekszellemegyensulya.hu\/","logo":{"@type":"ImageObject","inLanguage":"en-GB","@id":"https:\/\/testlelekszellemegyensulya.hu\/#\/schema\/logo\/image\/","url":"https:\/\/testlelekszellemegyensulya.hu\/wp-content\/uploads\/2024\/12\/512x512-favikon-1.jpg","contentUrl":"https:\/\/testlelekszellemegyensulya.hu\/wp-content\/uploads\/2024\/12\/512x512-favikon-1.jpg","width":512,"height":512,"caption":"Test, l\u00e9lek, szellem egyens\u00falya"},"image":{"@id":"https:\/\/testlelekszellemegyensulya.hu\/#\/schema\/logo\/image\/"}}]}},"_links":{"self":[{"href":"https:\/\/testlelekszellemegyensulya.hu\/en\/wp-json\/wp\/v2\/pages\/602","targetHints":{"allow":["GET"]}}],"collection":[{"href":"https:\/\/testlelekszellemegyensulya.hu\/en\/wp-json\/wp\/v2\/pages"}],"about":[{"href":"https:\/\/testlelekszellemegyensulya.hu\/en\/wp-json\/wp\/v2\/types\/page"}],"author":[{"embeddable":true,"href":"https:\/\/testlelekszellemegyensulya.hu\/en\/wp-json\/wp\/v2\/users\/1"}],"replies":[{"embeddable":true,"href":"https:\/\/testlelekszellemegyensulya.hu\/en\/wp-json\/wp\/v2\/comments?post=602"}],"version-history":[{"count":7,"href":"https:\/\/testlelekszellemegyensulya.hu\/en\/wp-json\/wp\/v2\/pages\/602\/revisions"}],"predecessor-version":[{"id":609,"href":"https:\/\/testlelekszellemegyensulya.hu\/en\/wp-json\/wp\/v2\/pages\/602\/revisions\/609"}],"wp:attachment":[{"href":"https:\/\/testlelekszellemegyensulya.hu\/en\/wp-json\/wp\/v2\/media?parent=602"}],"curies":[{"name":"wp","href":"https:\/\/api.w.org\/{rel}","templated":true}]}}